{"id":7609,"date":"2020-11-06T14:07:01","date_gmt":"2020-11-06T14:07:01","guid":{"rendered":"http:\/\/alanyabalikevi.com.tr\/index.php\/about-1\/"},"modified":"2025-01-12T00:03:28","modified_gmt":"2025-01-11T21:03:28","slug":"about-1","status":"publish","type":"page","link":"https:\/\/alanyabalikevi.com.tr\/ru\/about-1\/","title":{"rendered":"\u041e \u043d\u0430\u0441"},"content":{"rendered":"<div data-elementor-type=\"wp-page\" data-elementor-id=\"7609\" class=\"elementor elementor-7609\" data-elementor-post-type=\"page\">\n\t\t\t\t\t\t<section class=\"elementor-section elementor-top-section elementor-element elementor-element-583786c elementor-reverse-tablet elementor-reverse-mobile elementor-section-height-min-height elementor-section-items-stretch elementor-section-boxed elementor-section-height-default\" data-id=\"583786c\" data-element_type=\"section\" data-settings=\"{&quot;background_background&quot;:&quot;classic&quot;}\">\n\t\t\t\t\t\t\t<div class=\"elementor-background-overlay\"><\/div>\n\t\t\t\t\t\t\t<div class=\"elementor-container elementor-column-gap-wider\">\n\t\t\t\t\t<div class=\"elementor-column elementor-col-100 elementor-top-column elementor-element elementor-element-a969fa0\" data-id=\"a969fa0\" data-element_type=\"column\">\n\t\t\t<div class=\"elementor-widget-wrap elementor-element-populated\">\n\t\t\t\t\t\t<div class=\"elementor-element elementor-element-ab8d00b elementor-widget elementor-widget-the7-heading\" data-id=\"ab8d00b\" data-element_type=\"widget\" data-widget_type=\"the7-heading.default\">\n\t\t\t\t<div class=\"elementor-widget-container\">\n\t\t\t\t\t<h2 class=\"the7-heading-title elementor-size-default\">\u041e \u043d\u0430\u0441<\/h2>\t\t\t\t<\/div>\n\t\t\t\t<\/div>\n\t\t\t\t\t<\/div>\n\t\t<\/div>\n\t\t\t\t\t<\/div>\n\t\t<\/section>\n\t\t\t\t<section class=\"elementor-section elementor-top-section elementor-element elementor-element-6e96d45 elementor-section-boxed elementor-section-height-default elementor-section-height-default elementor-invisible\" data-id=\"6e96d45\" data-element_type=\"section\" data-settings=\"{&quot;background_background&quot;:&quot;classic&quot;,&quot;animation&quot;:&quot;fadeInUp&quot;}\">\n\t\t\t\t\t\t<div class=\"elementor-container elementor-column-gap-wider\">\n\t\t\t\t\t<div class=\"elementor-column elementor-col-50 elementor-top-column elementor-element elementor-element-63e6e22\" data-id=\"63e6e22\" data-element_type=\"column\">\n\t\t\t<div class=\"elementor-widget-wrap elementor-element-populated\">\n\t\t\t\t\t\t<div class=\"elementor-element elementor-element-75b93ef elementor-hidden-tablet elementor-hidden-mobile content-align-left the7-hover-visibility-disabled transform-overlay-yes exceeding-frame-yes elementor-widget elementor-widget-the7-image-widget\" data-id=\"75b93ef\" data-element_type=\"widget\" data-settings=\"{&quot;hover_visibility&quot;:&quot;disabled&quot;}\" data-widget_type=\"the7-image-widget.default\">\n\t\t\t\t<div class=\"elementor-widget-container\">\n\t\t\t\t\t<div class=\"the7-image-container\"><div class=\"the7-image-wrapper the7-elementor-widget the7-transform-container\"><a class=\"post-thumbnail-rollover layzr-bg img-css-resize-wrapper\" href=\"https:\/\/alanyabalikevi.com.tr\/ru\/\"><img fetchpriority=\"high\" decoding=\"async\" width=\"992\" height=\"226\" src=\"data:image\/svg+xml,%3Csvg%20xmlns%3D&#039;http%3A%2F%2Fwww.w3.org%2F2000%2Fsvg&#039;%20viewBox%3D&#039;0%200%20992%20226&#039;%2F%3E\" class=\"attachment-full size-full preload-me aspect lazy lazy-load\" alt=\"\" sizes=\"(max-width: 992px) 100vw, 992px\" style=\"--ratio: 992 \/ 226;\" data-src=\"https:\/\/alanyabalikevi.com.tr\/wp-content\/uploads\/2022\/12\/balik-logo.png\" loading=\"eager\" data-srcset=\"https:\/\/alanyabalikevi.com.tr\/wp-content\/uploads\/2022\/12\/balik-logo.png 992w, https:\/\/alanyabalikevi.com.tr\/wp-content\/uploads\/2022\/12\/balik-logo-300x68.png 300w, https:\/\/alanyabalikevi.com.tr\/wp-content\/uploads\/2022\/12\/balik-logo-768x175.png 768w, https:\/\/alanyabalikevi.com.tr\/wp-content\/uploads\/2022\/12\/balik-logo-18x4.png 18w\" \/><\/a><\/div><\/div>\t\t\t\t<\/div>\n\t\t\t\t<\/div>\n\t\t\t\t\t<\/div>\n\t\t<\/div>\n\t\t\t\t<div class=\"elementor-column elementor-col-50 elementor-top-column elementor-element elementor-element-456e46a\" data-id=\"456e46a\" data-element_type=\"column\">\n\t\t\t<div class=\"elementor-widget-wrap elementor-element-populated\">\n\t\t\t\t\t\t<div class=\"elementor-element elementor-element-5e1f7cd elementor-widget__width-initial elementor-widget elementor-widget-the7-heading\" data-id=\"5e1f7cd\" data-element_type=\"widget\" data-widget_type=\"the7-heading.default\">\n\t\t\t\t<div class=\"elementor-widget-container\">\n\t\t\t\t\t<h3 class=\"the7-heading-title elementor-size-default\">\u041e \u043d\u0430\u0441<\/h3>\t\t\t\t<\/div>\n\t\t\t\t<\/div>\n\t\t\t\t<div class=\"elementor-element elementor-element-7bcc20c elementor-widget__width-initial elementor-widget elementor-widget-text-editor\" data-id=\"7bcc20c\" data-element_type=\"widget\" data-widget_type=\"text-editor.default\">\n\t\t\t\t<div class=\"elementor-widget-container\">\n\t\t\t\t\t\t\t\t\t<p>\u041a\u0430\u043a Alanya Fish House, \u043c\u044b \u043f\u0440\u0435\u0434\u043b\u0430\u0433\u0430\u0435\u043c \u0441\u0432\u0435\u0436\u0435\u0441\u0442\u044c \u043c\u043e\u0440\u044f \u043d\u0430 \u0432\u0430\u0448\u0438\u0445 \u0441\u0442\u043e\u043b\u0430\u0445 \u043a\u0430\u043a \u0443\u043d\u0438\u043a\u0430\u043b\u044c\u043d\u044b\u0439 \u0432\u043a\u0443\u0441. \u0412 \u0441\u043e\u043f\u0440\u043e\u0432\u043e\u0436\u0434\u0435\u043d\u0438\u0438 \u0443\u043d\u0438\u043a\u0430\u043b\u044c\u043d\u043e\u0433\u043e \u0432\u0438\u0434\u0430 \u043d\u0430 \u0410\u043b\u0430\u043d\u0438\u044e \u043c\u044b \u0441\u043e\u0437\u0434\u0430\u0435\u043c \u043d\u0435\u0437\u0430\u0431\u044b\u0432\u0430\u0435\u043c\u0443\u044e \u0430\u0442\u043c\u043e\u0441\u0444\u0435\u0440\u0443 \u043a\u0430\u043a \u0434\u043b\u044f \u043c\u0435\u0441\u0442\u043d\u044b\u0445 \u0436\u0438\u0442\u0435\u043b\u0435\u0439, \u0442\u0430\u043a \u0438 \u0434\u043b\u044f \u043d\u0430\u0448\u0438\u0445 \u0433\u043e\u0441\u0442\u0435\u0439. \u041c\u044b \u0441\u043e\u0447\u0435\u0442\u0430\u0435\u043c \u0432\u043a\u0443\u0441 \u0438 \u043a\u0430\u0447\u0435\u0441\u0442\u0432\u043e \u0441 \u0435\u0436\u0435\u0434\u043d\u0435\u0432\u043d\u043e\u0439 \u0441\u0432\u0435\u0436\u0435\u0439 \u0440\u044b\u0431\u043e\u0439, \u0442\u0449\u0430\u0442\u0435\u043b\u044c\u043d\u043e \u043f\u0440\u0438\u0433\u043e\u0442\u043e\u0432\u043b\u0435\u043d\u043d\u044b\u043c\u0438 \u0437\u0430\u043a\u0443\u0441\u043a\u0430\u043c\u0438 \u0438\u0437 \u043c\u043e\u0440\u0435\u043f\u0440\u043e\u0434\u0443\u043a\u0442\u043e\u0432 \u0438 \u043d\u0430\u0448\u0435\u0439 \u043f\u0440\u043e\u0444\u0435\u0441\u0441\u0438\u043e\u043d\u0430\u043b\u044c\u043d\u043e\u0439 \u043a\u043e\u043c\u0430\u043d\u0434\u043e\u0439. \u041c\u044b \u0441 \u0433\u043e\u0440\u0434\u043e\u0441\u0442\u044c\u044e \u043f\u0440\u0435\u0434\u043b\u0430\u0433\u0430\u0435\u043c \u043b\u044e\u0431\u0438\u0442\u0435\u043b\u044f\u043c \u043c\u043e\u0440\u0435\u043f\u0440\u043e\u0434\u0443\u043a\u0442\u043e\u0432 \u0443\u043d\u0438\u043a\u0430\u043b\u044c\u043d\u044b\u0439 \u043e\u043f\u044b\u0442 \u0432 \u043d\u0430\u0448\u0435\u043c \u0440\u0435\u0441\u0442\u043e\u0440\u0430\u043d\u0435, \u0433\u0434\u0435 \u043c\u044b \u0442\u0449\u0430\u0442\u0435\u043b\u044c\u043d\u043e \u043f\u0440\u043e\u0434\u0443\u043c\u044b\u0432\u0430\u0435\u043c \u043a\u0430\u0436\u0434\u0443\u044e \u0434\u0435\u0442\u0430\u043b\u044c.<\/p>\t\t\t\t\t\t\t\t<\/div>\n\t\t\t\t<\/div>\n\t\t\t\t\t<\/div>\n\t\t<\/div>\n\t\t\t\t\t<\/div>\n\t\t<\/section>\n\t\t\t\t<section class=\"elementor-section elementor-top-section elementor-element elementor-element-5a31993 elementor-section-boxed elementor-section-height-default elementor-section-height-default elementor-invisible\" data-id=\"5a31993\" data-element_type=\"section\" data-settings=\"{&quot;background_background&quot;:&quot;classic&quot;,&quot;animation&quot;:&quot;fadeInUp&quot;}\">\n\t\t\t\t\t\t<div class=\"elementor-container elementor-column-gap-wider\">\n\t\t\t\t\t<div class=\"elementor-column elementor-col-50 elementor-top-column elementor-element elementor-element-658dde0\" data-id=\"658dde0\" data-element_type=\"column\">\n\t\t\t<div class=\"elementor-widget-wrap elementor-element-populated\">\n\t\t\t\t\t\t<div class=\"elementor-element elementor-element-712a08d elementor-widget__width-initial elementor-widget elementor-widget-the7-heading\" data-id=\"712a08d\" data-element_type=\"widget\" data-widget_type=\"the7-heading.default\">\n\t\t\t\t<div class=\"elementor-widget-container\">\n\t\t\t\t\t<h3 class=\"the7-heading-title elementor-size-default\">\u041d\u0430\u0448\u0430 \u043c\u0438\u0441\u0441\u0438\u044f<\/h3>\t\t\t\t<\/div>\n\t\t\t\t<\/div>\n\t\t\t\t<div class=\"elementor-element elementor-element-4b9582b elementor-widget__width-initial elementor-widget elementor-widget-text-editor\" data-id=\"4b9582b\" data-element_type=\"widget\" data-widget_type=\"text-editor.default\">\n\t\t\t\t<div class=\"elementor-widget-container\">\n\t\t\t\t\t\t\t\t\t<p>\u041e\u0431\u0435\u0441\u043f\u0435\u0447\u0438\u0442\u044c \u0443\u0434\u043e\u0432\u043b\u0435\u0442\u0432\u043e\u0440\u0435\u043d\u0438\u0435 \u043d\u0430\u0448\u0438\u0445 \u0433\u043e\u0441\u0442\u0435\u0439, \u043f\u0440\u0435\u0434\u043b\u0430\u0433\u0430\u044f \u0441\u0432\u0435\u0436\u0438\u0435, \u043d\u0430\u0442\u0443\u0440\u0430\u043b\u044c\u043d\u044b\u0435 \u0438 \u0432\u044b\u0441\u043e\u043a\u043e\u043a\u0430\u0447\u0435\u0441\u0442\u0432\u0435\u043d\u043d\u044b\u0435 \u043c\u043e\u0440\u0435\u043f\u0440\u043e\u0434\u0443\u043a\u0442\u044b \u0432 \u0438\u0445 \u0441\u0430\u043c\u043e\u0439 \u0432\u043a\u0443\u0441\u043d\u043e\u0439 \u0444\u043e\u0440\u043c\u0435. \u041f\u0440\u0435\u0434\u043b\u043e\u0436\u0438\u0442\u044c \u043d\u0430\u0448\u0438\u043c \u0433\u043e\u0441\u0442\u044f\u043c \u0432\u0441\u0435\u0445 \u0432\u043e\u0437\u0440\u0430\u0441\u0442\u043e\u0432 \u043d\u0435\u0437\u0430\u0431\u044b\u0432\u0430\u0435\u043c\u044b\u0435 \u0433\u0430\u0441\u0442\u0440\u043e\u043d\u043e\u043c\u0438\u0447\u0435\u0441\u043a\u0438\u0435 \u0432\u043f\u0435\u0447\u0430\u0442\u043b\u0435\u043d\u0438\u044f, \u0441\u043e\u0447\u0435\u0442\u0430\u044f \u043a\u0440\u0430\u0441\u043e\u0442\u044b \u0410\u043b\u0430\u043d\u0438\u0438 \u0441 \u043f\u043e\u043b\u0435\u0437\u043d\u044b\u043c\u0438 \u0441\u0432\u043e\u0439\u0441\u0442\u0432\u0430\u043c\u0438 \u0438 \u0432\u043a\u0443\u0441\u043e\u043c \u043c\u043e\u0440\u044f.<\/p><p>\u00a0<\/p>\t\t\t\t\t\t\t\t<\/div>\n\t\t\t\t<\/div>\n\t\t\t\t\t<\/div>\n\t\t<\/div>\n\t\t\t\t<div class=\"elementor-column elementor-col-50 elementor-top-column elementor-element elementor-element-3c44354\" data-id=\"3c44354\" data-element_type=\"column\">\n\t\t\t<div class=\"elementor-widget-wrap elementor-element-populated\">\n\t\t\t\t\t\t<div class=\"elementor-element elementor-element-3631a8f elementor-widget__width-initial elementor-widget elementor-widget-the7-heading\" data-id=\"3631a8f\" data-element_type=\"widget\" data-widget_type=\"the7-heading.default\">\n\t\t\t\t<div class=\"elementor-widget-container\">\n\t\t\t\t\t<h3 class=\"the7-heading-title elementor-size-default\">\u041d\u0430\u0448\u0435 \u0412\u0438\u0434\u0435\u043d\u0438\u0435<\/h3>\t\t\t\t<\/div>\n\t\t\t\t<\/div>\n\t\t\t\t<div class=\"elementor-element elementor-element-172b7c3 elementor-widget__width-initial elementor-widget elementor-widget-text-editor\" data-id=\"172b7c3\" data-element_type=\"widget\" data-widget_type=\"text-editor.default\">\n\t\t\t\t<div class=\"elementor-widget-container\">\n\t\t\t\t\t\t\t\t\t<p>\u0411\u044b\u0442\u044c \u0432\u0435\u0434\u0443\u0449\u0438\u043c \u0431\u0440\u0435\u043d\u0434\u043e\u043c, \u043d\u0430\u0438\u0431\u043e\u043b\u0435\u0435 \u043f\u0440\u0435\u0434\u043f\u043e\u0447\u0438\u0442\u0430\u0435\u043c\u044b\u043c \u0441\u0440\u0435\u0434\u0438 \u0440\u0435\u0441\u0442\u043e\u0440\u0430\u043d\u043e\u0432 \u043c\u043e\u0440\u0435\u043f\u0440\u043e\u0434\u0443\u043a\u0442\u043e\u0432 \u0432 \u0410\u043b\u0430\u043d\u0438\u0438 \u0438 \u0422\u0443\u0440\u0446\u0438\u0438, \u0438\u0437\u0432\u0435\u0441\u0442\u043d\u044b\u043c \u0441\u0432\u043e\u0438\u043c \u043a\u0430\u0447\u0435\u0441\u0442\u0432\u0435\u043d\u043d\u044b\u043c \u043e\u0431\u0441\u043b\u0443\u0436\u0438\u0432\u0430\u043d\u0438\u0435\u043c \u0438 \u0443\u043d\u0438\u043a\u0430\u043b\u044c\u043d\u044b\u043c\u0438 \u0432\u043a\u0443\u0441\u0430\u043c\u0438. \u041c\u044b \u0432\u0441\u0435\u0433\u0434\u0430 \u0441\u0442\u0440\u0435\u043c\u0438\u043c\u0441\u044f \u0431\u044b\u0442\u044c \u043f\u0438\u043e\u043d\u0435\u0440\u0430\u043c\u0438 \u0432 \u043d\u0430\u0448\u0435\u0439 \u043e\u0442\u0440\u0430\u0441\u043b\u0438, \u043f\u0440\u0435\u0434\u043b\u0430\u0433\u0430\u044f \u043d\u0430\u0448\u0438\u043c \u0433\u043e\u0441\u0442\u044f\u043c \u0432\u043f\u0435\u0447\u0430\u0442\u043b\u0435\u043d\u0438\u044f, \u043e\u0441\u043d\u043e\u0432\u0430\u043d\u043d\u044b\u0435 \u043d\u0430 \u044d\u043a\u043e\u043b\u043e\u0433\u0438\u0447\u0435\u0441\u043a\u0438 \u0447\u0438\u0441\u0442\u044b\u0445, \u0441\u0432\u0435\u0436\u0438\u0445 \u0438 \u043c\u0435\u0441\u0442\u043d\u044b\u0445 \u043f\u0440\u043e\u0434\u0443\u043a\u0442\u0430\u0445.<\/p><p>\u00a0<\/p>\t\t\t\t\t\t\t\t<\/div>\n\t\t\t\t<\/div>\n\t\t\t\t\t<\/div>\n\t\t<\/div>\n\t\t\t\t\t<\/div>\n\t\t<\/section>\n\t\t\t\t<\/div>","protected":false},"excerpt":{"rendered":"<p>Hakk\u0131m\u0131zda Hakk\u0131m\u0131zda Alanya Bal\u0131k Evi olarak denizden gelen tazeli\u011fi, sofralar\u0131n\u0131za e\u015fsiz bir lezzet deneyimi olarak sunuyoruz. Alanya\u2019n\u0131n e\u015fsiz manzaras\u0131 e\u015fli\u011finde, hem yerel hem de misafirlerimiz i\u00e7in unutulmaz bir atmosfer yarat\u0131yoruz. G\u00fcnl\u00fck taze bal\u0131klar\u0131m\u0131z, \u00f6zenle haz\u0131rlanan deniz \u00fcr\u00fcnleri mezelerimiz ve profesyonel ekibimizle, lezzet ve kaliteyi bir araya getiriyoruz. Her detay\u0131 \u00f6zenle d\u00fc\u015f\u00fcnd\u00fc\u011f\u00fcm\u00fcz restoran\u0131m\u0131zda, deniz \u00fcr\u00fcnleri tutkunlar\u0131&hellip;<\/p>","protected":false},"author":1,"featured_media":0,"parent":0,"menu_order":21,"comment_status":"closed","ping_status":"closed","template":"elementor_header_footer","meta":{"footnotes":""},"class_list":["post-7609","page","type-page","status-publish","hentry"],"yoast_head":"<!-- This site is optimized with the Yoast SEO plugin v24.1 - https:\/\/yoast.com\/wordpress\/plugins\/seo\/ -->\n<title>Hakk\u0131m\u0131zda - Alanya Bal\u0131k Evi<\/title>\n<meta name=\"robots\" content=\"index, follow, max-snippet:-1, max-image-preview:large, max-video-preview:-1\" \/>\n<link rel=\"canonical\" href=\"https:\/\/alanyabalikevi.com.tr\/ru\/about-1\/\" \/>\n<meta property=\"og:locale\" content=\"ru_RU\" \/>\n<meta property=\"og:type\" content=\"article\" \/>\n<meta property=\"og:title\" content=\"Hakk\u0131m\u0131zda - Alanya Bal\u0131k Evi\" \/>\n<meta property=\"og:description\" content=\"Hakk\u0131m\u0131zda Hakk\u0131m\u0131zda Alanya Bal\u0131k Evi olarak denizden gelen tazeli\u011fi, sofralar\u0131n\u0131za e\u015fsiz bir lezzet deneyimi olarak sunuyoruz. Alanya\u2019n\u0131n e\u015fsiz manzaras\u0131 e\u015fli\u011finde, hem yerel hem de misafirlerimiz i\u00e7in unutulmaz bir atmosfer yarat\u0131yoruz. G\u00fcnl\u00fck taze bal\u0131klar\u0131m\u0131z, \u00f6zenle haz\u0131rlanan deniz \u00fcr\u00fcnleri mezelerimiz ve profesyonel ekibimizle, lezzet ve kaliteyi bir araya getiriyoruz. Her detay\u0131 \u00f6zenle d\u00fc\u015f\u00fcnd\u00fc\u011f\u00fcm\u00fcz restoran\u0131m\u0131zda, deniz \u00fcr\u00fcnleri tutkunlar\u0131&hellip;\" \/>\n<meta property=\"og:url\" content=\"https:\/\/alanyabalikevi.com.tr\/ru\/about-1\/\" \/>\n<meta property=\"og:site_name\" content=\"Alanya Bal\u0131k Evi\" \/>\n<meta property=\"article:modified_time\" content=\"2025-01-11T21:03:28+00:00\" \/>\n<meta name=\"twitter:card\" content=\"summary_large_image\" \/>\n<meta name=\"twitter:label1\" content=\"\u041f\u0440\u0438\u043c\u0435\u0440\u043d\u043e\u0435 \u0432\u0440\u0435\u043c\u044f \u0434\u043b\u044f \u0447\u0442\u0435\u043d\u0438\u044f\" \/>\n\t<meta name=\"twitter:data1\" content=\"1 \u043c\u0438\u043d\u0443\u0442\u0430\" \/>\n<script type=\"application\/ld+json\" class=\"yoast-schema-graph\">{\"@context\":\"https:\/\/schema.org\",\"@graph\":[{\"@type\":\"WebPage\",\"@id\":\"https:\/\/alanyabalikevi.com.tr\/about-1\/\",\"url\":\"https:\/\/alanyabalikevi.com.tr\/about-1\/\",\"name\":\"Hakk\u0131m\u0131zda - Alanya Bal\u0131k Evi\",\"isPartOf\":{\"@id\":\"https:\/\/alanyabalikevi.com.tr\/#website\"},\"datePublished\":\"2020-11-06T14:07:01+00:00\",\"dateModified\":\"2025-01-11T21:03:28+00:00\",\"breadcrumb\":{\"@id\":\"https:\/\/alanyabalikevi.com.tr\/about-1\/#breadcrumb\"},\"inLanguage\":\"ru-RU\",\"potentialAction\":[{\"@type\":\"ReadAction\",\"target\":[\"https:\/\/alanyabalikevi.com.tr\/about-1\/\"]}]},{\"@type\":\"BreadcrumbList\",\"@id\":\"https:\/\/alanyabalikevi.com.tr\/about-1\/#breadcrumb\",\"itemListElement\":[{\"@type\":\"ListItem\",\"position\":1,\"name\":\"Anasayfa\",\"item\":\"https:\/\/alanyabalikevi.com.tr\/\"},{\"@type\":\"ListItem\",\"position\":2,\"name\":\"Hakk\u0131m\u0131zda\"}]},{\"@type\":\"WebSite\",\"@id\":\"https:\/\/alanyabalikevi.com.tr\/#website\",\"url\":\"https:\/\/alanyabalikevi.com.tr\/\",\"name\":\"Alanya Bal\u0131k Evi\",\"description\":\"Alanya Bal\u0131k Evi\",\"publisher\":{\"@id\":\"https:\/\/alanyabalikevi.com.tr\/#organization\"},\"potentialAction\":[{\"@type\":\"SearchAction\",\"target\":{\"@type\":\"EntryPoint\",\"urlTemplate\":\"https:\/\/alanyabalikevi.com.tr\/?s={search_term_string}\"},\"query-input\":{\"@type\":\"PropertyValueSpecification\",\"valueRequired\":true,\"valueName\":\"search_term_string\"}}],\"inLanguage\":\"ru-RU\"},{\"@type\":\"Organization\",\"@id\":\"https:\/\/alanyabalikevi.com.tr\/#organization\",\"name\":\"Alanya Bal\u0131k Evi\",\"url\":\"https:\/\/alanyabalikevi.com.tr\/\",\"logo\":{\"@type\":\"ImageObject\",\"inLanguage\":\"ru-RU\",\"@id\":\"https:\/\/alanyabalikevi.com.tr\/#\/schema\/logo\/image\/\",\"url\":\"https:\/\/alanyabalikevi.com.tr\/wp-content\/uploads\/2021\/12\/the7-logo-004.svg\",\"contentUrl\":\"https:\/\/alanyabalikevi.com.tr\/wp-content\/uploads\/2021\/12\/the7-logo-004.svg\",\"width\":300,\"height\":50,\"caption\":\"Alanya Bal\u0131k Evi\"},\"image\":{\"@id\":\"https:\/\/alanyabalikevi.com.tr\/#\/schema\/logo\/image\/\"}}]}<\/script>\n<!-- \/ Yoast SEO plugin. -->","yoast_head_json":{"title":"Hakk\u0131m\u0131zda - Alanya Bal\u0131k Evi","robots":{"index":"index","follow":"follow","max-snippet":"max-snippet:-1","max-image-preview":"max-image-preview:large","max-video-preview":"max-video-preview:-1"},"canonical":"https:\/\/alanyabalikevi.com.tr\/ru\/about-1\/","og_locale":"ru_RU","og_type":"article","og_title":"Hakk\u0131m\u0131zda - Alanya Bal\u0131k Evi","og_description":"Hakk\u0131m\u0131zda Hakk\u0131m\u0131zda Alanya Bal\u0131k Evi olarak denizden gelen tazeli\u011fi, sofralar\u0131n\u0131za e\u015fsiz bir lezzet deneyimi olarak sunuyoruz. Alanya\u2019n\u0131n e\u015fsiz manzaras\u0131 e\u015fli\u011finde, hem yerel hem de misafirlerimiz i\u00e7in unutulmaz bir atmosfer yarat\u0131yoruz. G\u00fcnl\u00fck taze bal\u0131klar\u0131m\u0131z, \u00f6zenle haz\u0131rlanan deniz \u00fcr\u00fcnleri mezelerimiz ve profesyonel ekibimizle, lezzet ve kaliteyi bir araya getiriyoruz. Her detay\u0131 \u00f6zenle d\u00fc\u015f\u00fcnd\u00fc\u011f\u00fcm\u00fcz restoran\u0131m\u0131zda, deniz \u00fcr\u00fcnleri tutkunlar\u0131&hellip;","og_url":"https:\/\/alanyabalikevi.com.tr\/ru\/about-1\/","og_site_name":"Alanya Bal\u0131k Evi","article_modified_time":"2025-01-11T21:03:28+00:00","twitter_card":"summary_large_image","twitter_misc":{"\u041f\u0440\u0438\u043c\u0435\u0440\u043d\u043e\u0435 \u0432\u0440\u0435\u043c\u044f \u0434\u043b\u044f \u0447\u0442\u0435\u043d\u0438\u044f":"1 \u043c\u0438\u043d\u0443\u0442\u0430"},"schema":{"@context":"https:\/\/schema.org","@graph":[{"@type":"WebPage","@id":"https:\/\/alanyabalikevi.com.tr\/about-1\/","url":"https:\/\/alanyabalikevi.com.tr\/about-1\/","name":"Hakk\u0131m\u0131zda - Alanya Bal\u0131k Evi","isPartOf":{"@id":"https:\/\/alanyabalikevi.com.tr\/#website"},"datePublished":"2020-11-06T14:07:01+00:00","dateModified":"2025-01-11T21:03:28+00:00","breadcrumb":{"@id":"https:\/\/alanyabalikevi.com.tr\/about-1\/#breadcrumb"},"inLanguage":"ru-RU","potentialAction":[{"@type":"ReadAction","target":["https:\/\/alanyabalikevi.com.tr\/about-1\/"]}]},{"@type":"BreadcrumbList","@id":"https:\/\/alanyabalikevi.com.tr\/about-1\/#breadcrumb","itemListElement":[{"@type":"ListItem","position":1,"name":"Anasayfa","item":"https:\/\/alanyabalikevi.com.tr\/"},{"@type":"ListItem","position":2,"name":"Hakk\u0131m\u0131zda"}]},{"@type":"WebSite","@id":"https:\/\/alanyabalikevi.com.tr\/#website","url":"https:\/\/alanyabalikevi.com.tr\/","name":"Alanya Bal\u0131k Evi","description":"Alanya Bal\u0131k Evi","publisher":{"@id":"https:\/\/alanyabalikevi.com.tr\/#organization"},"potentialAction":[{"@type":"SearchAction","target":{"@type":"EntryPoint","urlTemplate":"https:\/\/alanyabalikevi.com.tr\/?s={search_term_string}"},"query-input":{"@type":"PropertyValueSpecification","valueRequired":true,"valueName":"search_term_string"}}],"inLanguage":"ru-RU"},{"@type":"Organization","@id":"https:\/\/alanyabalikevi.com.tr\/#organization","name":"Alanya Bal\u0131k Evi","url":"https:\/\/alanyabalikevi.com.tr\/","logo":{"@type":"ImageObject","inLanguage":"ru-RU","@id":"https:\/\/alanyabalikevi.com.tr\/#\/schema\/logo\/image\/","url":"https:\/\/alanyabalikevi.com.tr\/wp-content\/uploads\/2021\/12\/the7-logo-004.svg","contentUrl":"https:\/\/alanyabalikevi.com.tr\/wp-content\/uploads\/2021\/12\/the7-logo-004.svg","width":300,"height":50,"caption":"Alanya Bal\u0131k Evi"},"image":{"@id":"https:\/\/alanyabalikevi.com.tr\/#\/schema\/logo\/image\/"}}]}},"_links":{"self":[{"href":"https:\/\/alanyabalikevi.com.tr\/ru\/wp-json\/wp\/v2\/pages\/7609","targetHints":{"allow":["GET"]}}],"collection":[{"href":"https:\/\/alanyabalikevi.com.tr\/ru\/wp-json\/wp\/v2\/pages"}],"about":[{"href":"https:\/\/alanyabalikevi.com.tr\/ru\/wp-json\/wp\/v2\/types\/page"}],"author":[{"embeddable":true,"href":"https:\/\/alanyabalikevi.com.tr\/ru\/wp-json\/wp\/v2\/users\/1"}],"replies":[{"embeddable":true,"href":"https:\/\/alanyabalikevi.com.tr\/ru\/wp-json\/wp\/v2\/comments?post=7609"}],"version-history":[{"count":16,"href":"https:\/\/alanyabalikevi.com.tr\/ru\/wp-json\/wp\/v2\/pages\/7609\/revisions"}],"predecessor-version":[{"id":94395,"href":"https:\/\/alanyabalikevi.com.tr\/ru\/wp-json\/wp\/v2\/pages\/7609\/revisions\/94395"}],"wp:attachment":[{"href":"https:\/\/alanyabalikevi.com.tr\/ru\/wp-json\/wp\/v2\/media?parent=7609"}],"curies":[{"name":"wp","href":"https:\/\/api.w.org\/{rel}","templated":true}]}}