{"id":7609,"date":"2020-11-06T14:07:01","date_gmt":"2020-11-06T14:07:01","guid":{"rendered":"http:\/\/alanyabalikevi.com.tr\/index.php\/about-1\/"},"modified":"2025-01-12T00:03:28","modified_gmt":"2025-01-11T21:03:28","slug":"about-1","status":"publish","type":"page","link":"https:\/\/alanyabalikevi.com.tr\/en\/about-1\/","title":{"rendered":"About Us"},"content":{"rendered":"<div data-elementor-type=\"wp-page\" data-elementor-id=\"7609\" class=\"elementor elementor-7609\" data-elementor-post-type=\"page\">\n\t\t\t\t\t\t<section class=\"elementor-section elementor-top-section elementor-element elementor-element-583786c elementor-reverse-tablet elementor-reverse-mobile elementor-section-height-min-height elementor-section-items-stretch elementor-section-boxed elementor-section-height-default\" data-id=\"583786c\" data-element_type=\"section\" data-settings=\"{&quot;background_background&quot;:&quot;classic&quot;}\">\n\t\t\t\t\t\t\t<div class=\"elementor-background-overlay\"><\/div>\n\t\t\t\t\t\t\t<div class=\"elementor-container elementor-column-gap-wider\">\n\t\t\t\t\t<div class=\"elementor-column elementor-col-100 elementor-top-column elementor-element elementor-element-a969fa0\" data-id=\"a969fa0\" data-element_type=\"column\">\n\t\t\t<div class=\"elementor-widget-wrap elementor-element-populated\">\n\t\t\t\t\t\t<div class=\"elementor-element elementor-element-ab8d00b elementor-widget elementor-widget-the7-heading\" data-id=\"ab8d00b\" data-element_type=\"widget\" data-widget_type=\"the7-heading.default\">\n\t\t\t\t<div class=\"elementor-widget-container\">\n\t\t\t\t\t<h2 class=\"the7-heading-title elementor-size-default\">About Us<\/h2>\t\t\t\t<\/div>\n\t\t\t\t<\/div>\n\t\t\t\t\t<\/div>\n\t\t<\/div>\n\t\t\t\t\t<\/div>\n\t\t<\/section>\n\t\t\t\t<section class=\"elementor-section elementor-top-section elementor-element elementor-element-6e96d45 elementor-section-boxed elementor-section-height-default elementor-section-height-default elementor-invisible\" data-id=\"6e96d45\" data-element_type=\"section\" data-settings=\"{&quot;background_background&quot;:&quot;classic&quot;,&quot;animation&quot;:&quot;fadeInUp&quot;}\">\n\t\t\t\t\t\t<div class=\"elementor-container elementor-column-gap-wider\">\n\t\t\t\t\t<div class=\"elementor-column elementor-col-50 elementor-top-column elementor-element elementor-element-63e6e22\" data-id=\"63e6e22\" data-element_type=\"column\">\n\t\t\t<div class=\"elementor-widget-wrap elementor-element-populated\">\n\t\t\t\t\t\t<div class=\"elementor-element elementor-element-75b93ef elementor-hidden-tablet elementor-hidden-mobile content-align-left the7-hover-visibility-disabled transform-overlay-yes exceeding-frame-yes elementor-widget elementor-widget-the7-image-widget\" data-id=\"75b93ef\" data-element_type=\"widget\" data-settings=\"{&quot;hover_visibility&quot;:&quot;disabled&quot;}\" data-widget_type=\"the7-image-widget.default\">\n\t\t\t\t<div class=\"elementor-widget-container\">\n\t\t\t\t\t<div class=\"the7-image-container\"><div class=\"the7-image-wrapper the7-elementor-widget the7-transform-container\"><a class=\"post-thumbnail-rollover layzr-bg img-css-resize-wrapper\" href=\"https:\/\/alanyabalikevi.com.tr\/en\/\"><img fetchpriority=\"high\" decoding=\"async\" width=\"992\" height=\"226\" src=\"data:image\/svg+xml,%3Csvg%20xmlns%3D&#039;http%3A%2F%2Fwww.w3.org%2F2000%2Fsvg&#039;%20viewBox%3D&#039;0%200%20992%20226&#039;%2F%3E\" class=\"attachment-full size-full preload-me aspect lazy lazy-load\" alt=\"\" sizes=\"(max-width: 992px) 100vw, 992px\" style=\"--ratio: 992 \/ 226;\" data-src=\"https:\/\/alanyabalikevi.com.tr\/wp-content\/uploads\/2022\/12\/balik-logo.png\" loading=\"eager\" data-srcset=\"https:\/\/alanyabalikevi.com.tr\/wp-content\/uploads\/2022\/12\/balik-logo.png 992w, https:\/\/alanyabalikevi.com.tr\/wp-content\/uploads\/2022\/12\/balik-logo-300x68.png 300w, https:\/\/alanyabalikevi.com.tr\/wp-content\/uploads\/2022\/12\/balik-logo-768x175.png 768w, https:\/\/alanyabalikevi.com.tr\/wp-content\/uploads\/2022\/12\/balik-logo-18x4.png 18w\" \/><\/a><\/div><\/div>\t\t\t\t<\/div>\n\t\t\t\t<\/div>\n\t\t\t\t\t<\/div>\n\t\t<\/div>\n\t\t\t\t<div class=\"elementor-column elementor-col-50 elementor-top-column elementor-element elementor-element-456e46a\" data-id=\"456e46a\" data-element_type=\"column\">\n\t\t\t<div class=\"elementor-widget-wrap elementor-element-populated\">\n\t\t\t\t\t\t<div class=\"elementor-element elementor-element-5e1f7cd elementor-widget__width-initial elementor-widget elementor-widget-the7-heading\" data-id=\"5e1f7cd\" data-element_type=\"widget\" data-widget_type=\"the7-heading.default\">\n\t\t\t\t<div class=\"elementor-widget-container\">\n\t\t\t\t\t<h3 class=\"the7-heading-title elementor-size-default\">About Us<\/h3>\t\t\t\t<\/div>\n\t\t\t\t<\/div>\n\t\t\t\t<div class=\"elementor-element elementor-element-7bcc20c elementor-widget__width-initial elementor-widget elementor-widget-text-editor\" data-id=\"7bcc20c\" data-element_type=\"widget\" data-widget_type=\"text-editor.default\">\n\t\t\t\t<div class=\"elementor-widget-container\">\n\t\t\t\t\t\t\t\t\t<p>As Alanya Fish House, we offer the freshness of the sea to your tables as a unique taste experience. We create an unforgettable atmosphere for both locals and our guests, accompanied by the unique view of Alanya. We bring together taste and quality with our daily fresh fish, carefully prepared seafood appetizers and professional team. We are proud to offer a unique experience for seafood lovers in our restaurant, where we carefully consider every detail.<\/p>\t\t\t\t\t\t\t\t<\/div>\n\t\t\t\t<\/div>\n\t\t\t\t\t<\/div>\n\t\t<\/div>\n\t\t\t\t\t<\/div>\n\t\t<\/section>\n\t\t\t\t<section class=\"elementor-section elementor-top-section elementor-element elementor-element-5a31993 elementor-section-boxed elementor-section-height-default elementor-section-height-default elementor-invisible\" data-id=\"5a31993\" data-element_type=\"section\" data-settings=\"{&quot;background_background&quot;:&quot;classic&quot;,&quot;animation&quot;:&quot;fadeInUp&quot;}\">\n\t\t\t\t\t\t<div class=\"elementor-container elementor-column-gap-wider\">\n\t\t\t\t\t<div class=\"elementor-column elementor-col-50 elementor-top-column elementor-element elementor-element-658dde0\" data-id=\"658dde0\" data-element_type=\"column\">\n\t\t\t<div class=\"elementor-widget-wrap elementor-element-populated\">\n\t\t\t\t\t\t<div class=\"elementor-element elementor-element-712a08d elementor-widget__width-initial elementor-widget elementor-widget-the7-heading\" data-id=\"712a08d\" data-element_type=\"widget\" data-widget_type=\"the7-heading.default\">\n\t\t\t\t<div class=\"elementor-widget-container\">\n\t\t\t\t\t<h3 class=\"the7-heading-title elementor-size-default\">Our Mission<\/h3>\t\t\t\t<\/div>\n\t\t\t\t<\/div>\n\t\t\t\t<div class=\"elementor-element elementor-element-4b9582b elementor-widget__width-initial elementor-widget elementor-widget-text-editor\" data-id=\"4b9582b\" data-element_type=\"widget\" data-widget_type=\"text-editor.default\">\n\t\t\t\t<div class=\"elementor-widget-container\">\n\t\t\t\t\t\t\t\t\t<p>To ensure the satisfaction of our guests by offering fresh, natural and high quality seafood in its most delicious form. To provide an unforgettable gastronomy experience to our guests of all ages by combining the beauties of Alanya with the health and taste of the sea.<\/p><p>\u00a0<\/p>\t\t\t\t\t\t\t\t<\/div>\n\t\t\t\t<\/div>\n\t\t\t\t\t<\/div>\n\t\t<\/div>\n\t\t\t\t<div class=\"elementor-column elementor-col-50 elementor-top-column elementor-element elementor-element-3c44354\" data-id=\"3c44354\" data-element_type=\"column\">\n\t\t\t<div class=\"elementor-widget-wrap elementor-element-populated\">\n\t\t\t\t\t\t<div class=\"elementor-element elementor-element-3631a8f elementor-widget__width-initial elementor-widget elementor-widget-the7-heading\" data-id=\"3631a8f\" data-element_type=\"widget\" data-widget_type=\"the7-heading.default\">\n\t\t\t\t<div class=\"elementor-widget-container\">\n\t\t\t\t\t<h3 class=\"the7-heading-title elementor-size-default\">Our Vision<\/h3>\t\t\t\t<\/div>\n\t\t\t\t<\/div>\n\t\t\t\t<div class=\"elementor-element elementor-element-172b7c3 elementor-widget__width-initial elementor-widget elementor-widget-text-editor\" data-id=\"172b7c3\" data-element_type=\"widget\" data-widget_type=\"text-editor.default\">\n\t\t\t\t<div class=\"elementor-widget-container\">\n\t\t\t\t\t\t\t\t\t<p>To be the most preferred seafood restaurant in Alanya and T\u00fcrkiye, a leading brand known for its quality service and unique flavors. We always aim to be a pioneer in our sector by offering our guests an experience supported by sustainable, fresh and local products.<\/p><p>\u00a0<\/p>\t\t\t\t\t\t\t\t<\/div>\n\t\t\t\t<\/div>\n\t\t\t\t\t<\/div>\n\t\t<\/div>\n\t\t\t\t\t<\/div>\n\t\t<\/section>\n\t\t\t\t<\/div>","protected":false},"excerpt":{"rendered":"<p>Hakk\u0131m\u0131zda Hakk\u0131m\u0131zda Alanya Bal\u0131k Evi olarak denizden gelen tazeli\u011fi, sofralar\u0131n\u0131za e\u015fsiz bir lezzet deneyimi olarak sunuyoruz. Alanya\u2019n\u0131n e\u015fsiz manzaras\u0131 e\u015fli\u011finde, hem yerel hem de misafirlerimiz i\u00e7in unutulmaz bir atmosfer yarat\u0131yoruz. G\u00fcnl\u00fck taze bal\u0131klar\u0131m\u0131z, \u00f6zenle haz\u0131rlanan deniz \u00fcr\u00fcnleri mezelerimiz ve profesyonel ekibimizle, lezzet ve kaliteyi bir araya getiriyoruz. Her detay\u0131 \u00f6zenle d\u00fc\u015f\u00fcnd\u00fc\u011f\u00fcm\u00fcz restoran\u0131m\u0131zda, deniz \u00fcr\u00fcnleri tutkunlar\u0131&hellip;<\/p>","protected":false},"author":1,"featured_media":0,"parent":0,"menu_order":21,"comment_status":"closed","ping_status":"closed","template":"elementor_header_footer","meta":{"footnotes":""},"class_list":["post-7609","page","type-page","status-publish","hentry"],"yoast_head":"<!-- This site is optimized with the Yoast SEO plugin v24.1 - https:\/\/yoast.com\/wordpress\/plugins\/seo\/ -->\n<title>Hakk\u0131m\u0131zda - Alanya Bal\u0131k Evi<\/title>\n<meta name=\"robots\" content=\"index, follow, max-snippet:-1, max-image-preview:large, max-video-preview:-1\" \/>\n<link rel=\"canonical\" href=\"https:\/\/alanyabalikevi.com.tr\/en\/about-1\/\" \/>\n<meta property=\"og:locale\" content=\"en_US\" \/>\n<meta property=\"og:type\" content=\"article\" \/>\n<meta property=\"og:title\" content=\"Hakk\u0131m\u0131zda - Alanya Bal\u0131k Evi\" \/>\n<meta property=\"og:description\" content=\"Hakk\u0131m\u0131zda Hakk\u0131m\u0131zda Alanya Bal\u0131k Evi olarak denizden gelen tazeli\u011fi, sofralar\u0131n\u0131za e\u015fsiz bir lezzet deneyimi olarak sunuyoruz. Alanya\u2019n\u0131n e\u015fsiz manzaras\u0131 e\u015fli\u011finde, hem yerel hem de misafirlerimiz i\u00e7in unutulmaz bir atmosfer yarat\u0131yoruz. G\u00fcnl\u00fck taze bal\u0131klar\u0131m\u0131z, \u00f6zenle haz\u0131rlanan deniz \u00fcr\u00fcnleri mezelerimiz ve profesyonel ekibimizle, lezzet ve kaliteyi bir araya getiriyoruz. Her detay\u0131 \u00f6zenle d\u00fc\u015f\u00fcnd\u00fc\u011f\u00fcm\u00fcz restoran\u0131m\u0131zda, deniz \u00fcr\u00fcnleri tutkunlar\u0131&hellip;\" \/>\n<meta property=\"og:url\" content=\"https:\/\/alanyabalikevi.com.tr\/en\/about-1\/\" \/>\n<meta property=\"og:site_name\" content=\"Alanya Bal\u0131k Evi\" \/>\n<meta property=\"article:modified_time\" content=\"2025-01-11T21:03:28+00:00\" \/>\n<meta name=\"twitter:card\" content=\"summary_large_image\" \/>\n<meta name=\"twitter:label1\" content=\"Est. reading time\" \/>\n\t<meta name=\"twitter:data1\" content=\"1 minute\" \/>\n<script type=\"application\/ld+json\" class=\"yoast-schema-graph\">{\"@context\":\"https:\/\/schema.org\",\"@graph\":[{\"@type\":\"WebPage\",\"@id\":\"https:\/\/alanyabalikevi.com.tr\/about-1\/\",\"url\":\"https:\/\/alanyabalikevi.com.tr\/about-1\/\",\"name\":\"Hakk\u0131m\u0131zda - Alanya Bal\u0131k Evi\",\"isPartOf\":{\"@id\":\"https:\/\/alanyabalikevi.com.tr\/#website\"},\"datePublished\":\"2020-11-06T14:07:01+00:00\",\"dateModified\":\"2025-01-11T21:03:28+00:00\",\"breadcrumb\":{\"@id\":\"https:\/\/alanyabalikevi.com.tr\/about-1\/#breadcrumb\"},\"inLanguage\":\"en-US\",\"potentialAction\":[{\"@type\":\"ReadAction\",\"target\":[\"https:\/\/alanyabalikevi.com.tr\/about-1\/\"]}]},{\"@type\":\"BreadcrumbList\",\"@id\":\"https:\/\/alanyabalikevi.com.tr\/about-1\/#breadcrumb\",\"itemListElement\":[{\"@type\":\"ListItem\",\"position\":1,\"name\":\"Anasayfa\",\"item\":\"https:\/\/alanyabalikevi.com.tr\/\"},{\"@type\":\"ListItem\",\"position\":2,\"name\":\"Hakk\u0131m\u0131zda\"}]},{\"@type\":\"WebSite\",\"@id\":\"https:\/\/alanyabalikevi.com.tr\/#website\",\"url\":\"https:\/\/alanyabalikevi.com.tr\/\",\"name\":\"Alanya Bal\u0131k Evi\",\"description\":\"Alanya Bal\u0131k Evi\",\"publisher\":{\"@id\":\"https:\/\/alanyabalikevi.com.tr\/#organization\"},\"potentialAction\":[{\"@type\":\"SearchAction\",\"target\":{\"@type\":\"EntryPoint\",\"urlTemplate\":\"https:\/\/alanyabalikevi.com.tr\/?s={search_term_string}\"},\"query-input\":{\"@type\":\"PropertyValueSpecification\",\"valueRequired\":true,\"valueName\":\"search_term_string\"}}],\"inLanguage\":\"en-US\"},{\"@type\":\"Organization\",\"@id\":\"https:\/\/alanyabalikevi.com.tr\/#organization\",\"name\":\"Alanya Bal\u0131k Evi\",\"url\":\"https:\/\/alanyabalikevi.com.tr\/\",\"logo\":{\"@type\":\"ImageObject\",\"inLanguage\":\"en-US\",\"@id\":\"https:\/\/alanyabalikevi.com.tr\/#\/schema\/logo\/image\/\",\"url\":\"https:\/\/alanyabalikevi.com.tr\/wp-content\/uploads\/2021\/12\/the7-logo-004.svg\",\"contentUrl\":\"https:\/\/alanyabalikevi.com.tr\/wp-content\/uploads\/2021\/12\/the7-logo-004.svg\",\"width\":300,\"height\":50,\"caption\":\"Alanya Bal\u0131k Evi\"},\"image\":{\"@id\":\"https:\/\/alanyabalikevi.com.tr\/#\/schema\/logo\/image\/\"}}]}<\/script>\n<!-- \/ Yoast SEO plugin. -->","yoast_head_json":{"title":"Hakk\u0131m\u0131zda - Alanya Bal\u0131k Evi","robots":{"index":"index","follow":"follow","max-snippet":"max-snippet:-1","max-image-preview":"max-image-preview:large","max-video-preview":"max-video-preview:-1"},"canonical":"https:\/\/alanyabalikevi.com.tr\/en\/about-1\/","og_locale":"en_US","og_type":"article","og_title":"Hakk\u0131m\u0131zda - Alanya Bal\u0131k Evi","og_description":"Hakk\u0131m\u0131zda Hakk\u0131m\u0131zda Alanya Bal\u0131k Evi olarak denizden gelen tazeli\u011fi, sofralar\u0131n\u0131za e\u015fsiz bir lezzet deneyimi olarak sunuyoruz. Alanya\u2019n\u0131n e\u015fsiz manzaras\u0131 e\u015fli\u011finde, hem yerel hem de misafirlerimiz i\u00e7in unutulmaz bir atmosfer yarat\u0131yoruz. G\u00fcnl\u00fck taze bal\u0131klar\u0131m\u0131z, \u00f6zenle haz\u0131rlanan deniz \u00fcr\u00fcnleri mezelerimiz ve profesyonel ekibimizle, lezzet ve kaliteyi bir araya getiriyoruz. Her detay\u0131 \u00f6zenle d\u00fc\u015f\u00fcnd\u00fc\u011f\u00fcm\u00fcz restoran\u0131m\u0131zda, deniz \u00fcr\u00fcnleri tutkunlar\u0131&hellip;","og_url":"https:\/\/alanyabalikevi.com.tr\/en\/about-1\/","og_site_name":"Alanya Bal\u0131k Evi","article_modified_time":"2025-01-11T21:03:28+00:00","twitter_card":"summary_large_image","twitter_misc":{"Est. reading time":"1 minute"},"schema":{"@context":"https:\/\/schema.org","@graph":[{"@type":"WebPage","@id":"https:\/\/alanyabalikevi.com.tr\/about-1\/","url":"https:\/\/alanyabalikevi.com.tr\/about-1\/","name":"Hakk\u0131m\u0131zda - Alanya Bal\u0131k Evi","isPartOf":{"@id":"https:\/\/alanyabalikevi.com.tr\/#website"},"datePublished":"2020-11-06T14:07:01+00:00","dateModified":"2025-01-11T21:03:28+00:00","breadcrumb":{"@id":"https:\/\/alanyabalikevi.com.tr\/about-1\/#breadcrumb"},"inLanguage":"en-US","potentialAction":[{"@type":"ReadAction","target":["https:\/\/alanyabalikevi.com.tr\/about-1\/"]}]},{"@type":"BreadcrumbList","@id":"https:\/\/alanyabalikevi.com.tr\/about-1\/#breadcrumb","itemListElement":[{"@type":"ListItem","position":1,"name":"Anasayfa","item":"https:\/\/alanyabalikevi.com.tr\/"},{"@type":"ListItem","position":2,"name":"Hakk\u0131m\u0131zda"}]},{"@type":"WebSite","@id":"https:\/\/alanyabalikevi.com.tr\/#website","url":"https:\/\/alanyabalikevi.com.tr\/","name":"Alanya Bal\u0131k Evi","description":"Alanya Bal\u0131k Evi","publisher":{"@id":"https:\/\/alanyabalikevi.com.tr\/#organization"},"potentialAction":[{"@type":"SearchAction","target":{"@type":"EntryPoint","urlTemplate":"https:\/\/alanyabalikevi.com.tr\/?s={search_term_string}"},"query-input":{"@type":"PropertyValueSpecification","valueRequired":true,"valueName":"search_term_string"}}],"inLanguage":"en-US"},{"@type":"Organization","@id":"https:\/\/alanyabalikevi.com.tr\/#organization","name":"Alanya Bal\u0131k Evi","url":"https:\/\/alanyabalikevi.com.tr\/","logo":{"@type":"ImageObject","inLanguage":"en-US","@id":"https:\/\/alanyabalikevi.com.tr\/#\/schema\/logo\/image\/","url":"https:\/\/alanyabalikevi.com.tr\/wp-content\/uploads\/2021\/12\/the7-logo-004.svg","contentUrl":"https:\/\/alanyabalikevi.com.tr\/wp-content\/uploads\/2021\/12\/the7-logo-004.svg","width":300,"height":50,"caption":"Alanya Bal\u0131k Evi"},"image":{"@id":"https:\/\/alanyabalikevi.com.tr\/#\/schema\/logo\/image\/"}}]}},"_links":{"self":[{"href":"https:\/\/alanyabalikevi.com.tr\/en\/wp-json\/wp\/v2\/pages\/7609","targetHints":{"allow":["GET"]}}],"collection":[{"href":"https:\/\/alanyabalikevi.com.tr\/en\/wp-json\/wp\/v2\/pages"}],"about":[{"href":"https:\/\/alanyabalikevi.com.tr\/en\/wp-json\/wp\/v2\/types\/page"}],"author":[{"embeddable":true,"href":"https:\/\/alanyabalikevi.com.tr\/en\/wp-json\/wp\/v2\/users\/1"}],"replies":[{"embeddable":true,"href":"https:\/\/alanyabalikevi.com.tr\/en\/wp-json\/wp\/v2\/comments?post=7609"}],"version-history":[{"count":16,"href":"https:\/\/alanyabalikevi.com.tr\/en\/wp-json\/wp\/v2\/pages\/7609\/revisions"}],"predecessor-version":[{"id":94395,"href":"https:\/\/alanyabalikevi.com.tr\/en\/wp-json\/wp\/v2\/pages\/7609\/revisions\/94395"}],"wp:attachment":[{"href":"https:\/\/alanyabalikevi.com.tr\/en\/wp-json\/wp\/v2\/media?parent=7609"}],"curies":[{"name":"wp","href":"https:\/\/api.w.org\/{rel}","templated":true}]}}